{"id":12,"date":"2025-03-06T17:37:39","date_gmt":"2025-03-06T16:37:39","guid":{"rendered":"http:\/\/villasabi.fr\/?page_id=12"},"modified":"2025-07-14T16:53:19","modified_gmt":"2025-07-14T14:53:19","slug":"une-section-de-page-daccueil","status":"publish","type":"page","link":"https:\/\/villasabi.fr\/?page_id=12","title":{"rendered":"Prestations"},"content":{"rendered":"\n<p>Pour une approche personnalis\u00e9e car votre r\u00e9sidence est unique, <strong>Villa SABI <\/strong>vous propose :<\/p>\n\n\n\n<ul class=\"wp-block-list\">\n<li class=\"has-luminous-vivid-amber-color has-text-color has-link-color has-medium-font-size wp-elements-99e7abb8c6d208622964d1e9fbf19741\"><strong>3 types de forfaits<\/strong><\/li>\n\n\n\n<li class=\"has-luminous-vivid-amber-color has-text-color has-link-color has-medium-font-size wp-elements-2673a9defecb3eb779bb3ff44a5a3208\"><strong>des prestations \u00e0 la carte<\/strong><\/li>\n<\/ul>\n\n\n\n<p class=\"has-x-large-font-size\" style=\"line-height:2\"><\/p>\n\n\n\n<p class=\"has-x-large-font-size\"><\/p>\n\n\n\n<ul class=\"wp-block-list\">\n<li><strong>Forfait \u00ab\u00a0MINI\u00a0\u00bb :<\/strong> une visite mensuelle avec surveillance et inspection des ext\u00e9rieurs, gestion des cl\u00e9s, relev\u00e9 des comtpeurs, &#8230;<\/li>\n<\/ul>\n\n\n\n<ul class=\"wp-block-list\">\n<li><strong>Forfait \u00ab\u00a0TRANQUILLITE\u00a0\u00bb :<\/strong> forfait \u00ab\u00a0Mini\u00a0\u00bb + inspection int\u00e9rieure, v\u00e9rification du bon \u00e9tat de fonctionnement des ouvertures et alarmes, gestion du courrier, arrosage des plantes, &#8230;<\/li>\n<\/ul>\n\n\n\n<ul class=\"wp-block-list\">\n<li><strong>Forfait \u00ab\u00a0SERENITE\u00a0\u00bb :<\/strong> forfait \u00ab\u00a0Tranquilit\u00e9\u00a0\u00bb avec 2 visites mensuelles.<\/li>\n<\/ul>\n\n\n\n<p class=\"has-x-large-font-size\"><\/p>\n\n\n\n<p><em>Visite gratuite pour prise de connaissance des lieux.<\/em><\/p>\n\n\n\n<p>A chaque visite, un compte-rendu d\u00e9taill\u00e9 avec photos et\/ou vid\u00e9o.<\/p>\n\n\n\n<p>Forfait mensuel ou \u00e0 l&rsquo;ann\u00e9e.<\/p>\n\n\n\n<p class=\"has-luminous-vivid-amber-color has-text-color has-link-color has-medium-font-size wp-elements-f62748dab13ecbff6bc8ba522637bdb6\"><strong>Pour toute souscription \u00e0 l&rsquo;ann\u00e9e, 1 mois offert.<\/strong><\/p>\n\n\n\n<p class=\"has-x-large-font-size\" style=\"line-height:5\"><\/p>\n\n\n\n<ul class=\"wp-block-list\">\n<li><strong>Prestations \u00e0 la carte \u00ab\u00a0HOME SWEET HOME\u00a0\u00bb :<\/strong> visite suppl\u00e9mentaire, gestion des cl\u00e9s, relev\u00e9 des compteurs, a\u00e9ration de l&rsquo;habitation, entretien des ext\u00e9rieurs (terrasse, piscine, &#8230;), allumage du chauffage avant votre arriv\u00e9e, rappel des op\u00e9rations de maintenance, suivi des travaux, &#8230;<\/li>\n<\/ul>\n\n\n\n<p class=\"has-x-large-font-size\"><\/p>\n\n\n\n<p class=\"has-x-large-font-size\"><\/p>\n\n\n\n<p>Pour plus d&rsquo;information sur nos forfaits et services additionnels, je suis \u00e0 votre disposition.<\/p>\n\n\n\n<p class=\"has-medium-font-size\"><\/p>\n\n\n\n<figure class=\"wp-block-image size-large is-resized\"><a href=\"https:\/\/villasabi.fr\/?page_id=269\"><img loading=\"lazy\" decoding=\"async\" width=\"1024\" height=\"535\" src=\"https:\/\/villasabi.fr\/wp-content\/uploads\/2025\/03\/contactez-moi-1024x535.png\" alt=\"formulaire de contact\" class=\"wp-image-182\" style=\"width:222px;height:auto\" srcset=\"https:\/\/villasabi.fr\/wp-content\/uploads\/2025\/03\/contactez-moi-1024x535.png 1024w, https:\/\/villasabi.fr\/wp-content\/uploads\/2025\/03\/contactez-moi-300x157.png 300w, https:\/\/villasabi.fr\/wp-content\/uploads\/2025\/03\/contactez-moi-768x401.png 768w, https:\/\/villasabi.fr\/wp-content\/uploads\/2025\/03\/contactez-moi.png 1200w\" sizes=\"auto, (max-width: 767px) 89vw, (max-width: 1000px) 54vw, (max-width: 1071px) 543px, 580px\" \/><\/a><\/figure>\n\n\n\n<p class=\"has-large-font-size\"><\/p>\n\n\n\n<p class=\"has-luminous-vivid-amber-color has-text-color has-link-color has-small-font-size wp-elements-3094aa09b83b435d1bf96772463d310e\"><em>Au titre du \u00ab\u00a0service \u00e0 la personne\u00a0\u00bb, <strong>une d\u00e9duction fiscale de 50% des tarifs est applicable <\/strong>(Art. 199 sexdeci\u00e8s du Code G\u00e9n\u00e9ral des Imp\u00f4ts). Une attestation fiscale vous sera remise pour toute souscription de prestations<strong>.<\/strong><\/em><\/p>\n\n\n\n<p class=\"has-x-large-font-size\"><\/p>\n\n\n\n<p class=\"has-medium-font-size\"><strong>Devis gratuit et sur demande.<\/strong><\/p>\n\n\n\n<figure class=\"wp-block-image size-full is-resized\"><a href=\"https:\/\/villasabi.fr\/?page_id=269\"><img loading=\"lazy\" decoding=\"async\" width=\"1200\" height=\"627\" src=\"https:\/\/villasabi.fr\/wp-content\/uploads\/2025\/03\/contactez-moi.png\" alt=\"formulaire de contact\" class=\"wp-image-182\" style=\"width:223px;height:auto\" srcset=\"https:\/\/villasabi.fr\/wp-content\/uploads\/2025\/03\/contactez-moi.png 1200w, https:\/\/villasabi.fr\/wp-content\/uploads\/2025\/03\/contactez-moi-300x157.png 300w, https:\/\/villasabi.fr\/wp-content\/uploads\/2025\/03\/contactez-moi-1024x535.png 1024w, https:\/\/villasabi.fr\/wp-content\/uploads\/2025\/03\/contactez-moi-768x401.png 768w\" sizes=\"auto, (max-width: 767px) 89vw, (max-width: 1000px) 54vw, (max-width: 1071px) 543px, 580px\" \/><\/a><\/figure>\n\n\n\n<p class=\"has-x-large-font-size\" style=\"line-height:3.1\"><\/p>\n\n\n\n<p class=\"has-small-font-size\"><em>[EN]<\/em> *************************************************************************************************<\/p>\n\n\n\n<p><\/p>\n\n\n\n<p><em>Services :<\/em><\/p>\n\n\n\n<p class=\"has-small-font-size\"><em>For a personalised approach, because your home is unique<\/em>, <em><strong>Villa SABI<\/strong> is :<\/em><\/p>\n\n\n\n<ul class=\"wp-block-list\">\n<li class=\"has-luminous-vivid-amber-color has-text-color has-link-color has-small-font-size wp-elements-c9d60fd48afa2407c75e8d0d1a502aa8\"><em><strong>3 types of packages<\/strong><\/em><\/li>\n\n\n\n<li class=\"has-luminous-vivid-amber-color has-text-color has-link-color has-small-font-size wp-elements-61e529c164896e7c20e7dc8e7e97270c\"><em><strong>additional services<\/strong><\/em><\/li>\n<\/ul>\n\n\n\n<ul class=\"wp-block-list\">\n<li class=\"has-small-font-size\"><em><strong>\u00ab\u00a0MINI\u00a0\u00bb pack<\/strong> : a monthly visit with surveillance and inspection of exteriors, key management, meter readings, etc.<\/em><\/li>\n\n\n\n<li class=\"has-small-font-size\"><strong><em>\u00ab\u00a0TRANQUILITY\u00a0\u00bb pack<\/em><\/strong><em> : \u00ab\u00a0Mini\u00a0\u00bb package + interior inspection, checking that openings and alarms are in good working order, mail management, etc.<\/em><\/li>\n\n\n\n<li class=\"has-small-font-size\"><strong><em>\u00ab\u00a0SERENITY\u00a0\u00bb pack<\/em><\/strong><em><strong> <\/strong>: \u00ab\u00a0Tranquility\u00a0\u00bb package with 2 monthly visits.<\/em><\/li>\n<\/ul>\n\n\n\n<p class=\"has-small-font-size\"><em>Free visit to get to know the premises.<\/em><\/p>\n\n\n\n<p class=\"has-small-font-size\"><em>Each visit is accompanied by a detailed report with photos and\/or video.<\/em><\/p>\n\n\n\n<p class=\"has-small-font-size\"><em>Monthly or annual package.<\/em><\/p>\n\n\n\n<p class=\"has-luminous-vivid-amber-color has-text-color has-link-color has-small-font-size wp-elements-079a9e950fff027e6c371ec050e67dc9\"><em><strong>One free month on all annual package subscription.<\/strong><\/em><\/p>\n\n\n\n<p class=\"has-large-font-size\"><\/p>\n\n\n\n<ul class=\"wp-block-list\">\n<li class=\"has-small-font-size\"><strong><em>Additional services \u00ab\u00a0HOME SWEET HOME\u00a0\u00bb<\/em><\/strong><em> : additional visits, management of keys, meter readings, ventilation of the home, maintenance of outside areas (terrace, swimming pool, etc.), turning on the heating before your arrival, reminders of maintenance operations, monitoring of work, etc.<\/em><\/li>\n<\/ul>\n\n\n\n<p class=\"has-large-font-size\"><\/p>\n\n\n\n<p class=\"has-small-font-size\"><\/p>\n\n\n\n<p class=\"has-small-font-size\"><\/p>\n\n\n\n<p class=\"has-luminous-vivid-amber-color has-text-color has-link-color has-small-font-size wp-elements-b13f30bda9338adf42791e939b73069a\"><\/p>\n\n\n\n<p class=\"has-medium-font-size\"><\/p>\n\n\n\n<p class=\"has-luminous-vivid-amber-color has-text-color has-link-color has-small-font-size wp-elements-6eb1a63ce9bc4b7a5aa2a63ff58b5d71\"><em>As a &lsquo;personal service&rsquo;, <strong>50% of the fees are tax deductible <\/strong>(Art. 199 sexdeci\u00e8s of French General Tax Code).         A tax certificate will be issue for all purchases of services.<\/em><\/p>\n\n\n\n<p class=\"has-small-font-size\"><em>For more information on our packages and additional services, please do not hesitate to contact me by phone, email or contact form.<\/em> <strong><em>Free quotation on request.<\/em><\/strong><\/p>\n\n\n\n<p class=\"has-medium-font-size\"><\/p>\n\n\n\n<figure class=\"wp-block-image size-large is-resized\"><a href=\"https:\/\/villasabi.fr\/?page_id=269\"><img loading=\"lazy\" decoding=\"async\" width=\"1024\" height=\"535\" src=\"https:\/\/villasabi.fr\/wp-content\/uploads\/2025\/03\/contactez-moi-1024x535.png\" alt=\"formulaire de contact\" class=\"wp-image-182\" style=\"width:222px;height:auto\" srcset=\"https:\/\/villasabi.fr\/wp-content\/uploads\/2025\/03\/contactez-moi-1024x535.png 1024w, https:\/\/villasabi.fr\/wp-content\/uploads\/2025\/03\/contactez-moi-300x157.png 300w, https:\/\/villasabi.fr\/wp-content\/uploads\/2025\/03\/contactez-moi-768x401.png 768w, https:\/\/villasabi.fr\/wp-content\/uploads\/2025\/03\/contactez-moi.png 1200w\" sizes=\"auto, (max-width: 767px) 89vw, (max-width: 1000px) 54vw, (max-width: 1071px) 543px, 580px\" \/><\/a><\/figure>\n","protected":false},"excerpt":{"rendered":"<p>Pour une approche personnalis\u00e9e car votre r\u00e9sidence est unique, Villa SABI vous propose : Visite gratuite pour prise de connaissance des lieux. A chaque visite, un compte-rendu d\u00e9taill\u00e9 avec photos et\/ou vid\u00e9o. Forfait mensuel ou \u00e0 l&rsquo;ann\u00e9e. Pour toute souscription \u00e0 l&rsquo;ann\u00e9e, 1 mois offert. Pour plus d&rsquo;information sur nos forfaits et services additionnels, je &hellip; <\/p>\n<p class=\"link-more\"><a href=\"https:\/\/villasabi.fr\/?page_id=12\" class=\"more-link\">Continuer la lecture<span class=\"screen-reader-text\"> de &laquo;&nbsp;Prestations&nbsp;&raquo;<\/span><\/a><\/p>\n","protected":false},"author":1,"featured_media":476,"parent":0,"menu_order":0,"comment_status":"closed","ping_status":"closed","template":"","meta":{"footnotes":""},"class_list":["post-12","page","type-page","status-publish","has-post-thumbnail","hentry"],"_links":{"self":[{"href":"https:\/\/villasabi.fr\/index.php?rest_route=\/wp\/v2\/pages\/12","targetHints":{"allow":["GET"]}}],"collection":[{"href":"https:\/\/villasabi.fr\/index.php?rest_route=\/wp\/v2\/pages"}],"about":[{"href":"https:\/\/villasabi.fr\/index.php?rest_route=\/wp\/v2\/types\/page"}],"author":[{"embeddable":true,"href":"https:\/\/villasabi.fr\/index.php?rest_route=\/wp\/v2\/users\/1"}],"replies":[{"embeddable":true,"href":"https:\/\/villasabi.fr\/index.php?rest_route=%2Fwp%2Fv2%2Fcomments&post=12"}],"version-history":[{"count":89,"href":"https:\/\/villasabi.fr\/index.php?rest_route=\/wp\/v2\/pages\/12\/revisions"}],"predecessor-version":[{"id":547,"href":"https:\/\/villasabi.fr\/index.php?rest_route=\/wp\/v2\/pages\/12\/revisions\/547"}],"wp:featuredmedia":[{"embeddable":true,"href":"https:\/\/villasabi.fr\/index.php?rest_route=\/wp\/v2\/media\/476"}],"wp:attachment":[{"href":"https:\/\/villasabi.fr\/index.php?rest_route=%2Fwp%2Fv2%2Fmedia&parent=12"}],"curies":[{"name":"wp","href":"https:\/\/api.w.org\/{rel}","templated":true}]}}