{"id":2,"date":"2025-03-06T12:11:02","date_gmt":"2025-03-06T11:11:02","guid":{"rendered":"http:\/\/villasabi.fr\/?page_id=2"},"modified":"2025-07-14T16:21:04","modified_gmt":"2025-07-14T14:21:04","slug":"page-d-exemple","status":"publish","type":"page","link":"https:\/\/villasabi.fr\/?page_id=2","title":{"rendered":"Secteurs"},"content":{"rendered":"\n<p><strong>Villa SABI<\/strong> est situ\u00e9e dans le d\u00e9partement du Finist\u00e8re et intervient sur les secteurs suivants :<\/p>\n\n\n\n<p><\/p>\n\n\n\n<ul class=\"wp-block-list\">\n<li><strong>Presqu&rsquo;\u00eele de Crozon<\/strong><\/li>\n<\/ul>\n\n\n\n<ul class=\"wp-block-list\">\n<li><strong>Baie de Douarnenez &amp; vall\u00e9e de l&rsquo;Aulne<\/strong> <em>(en partie)<\/em><\/li>\n<\/ul>\n\n\n\n<ul class=\"wp-block-list\">\n<li><strong>Rade de Brest<\/strong> <em>(en partie)<\/em><\/li>\n<\/ul>\n\n\n\n<ul class=\"wp-block-list\">\n<li><strong>Monts d&rsquo;Arr\u00e9e<\/strong> <em>(en partie)<\/em><\/li>\n<\/ul>\n\n\n\n<figure class=\"wp-block-image size-large\"><a href=\"https:\/\/villasabi.fr\/wp-content\/uploads\/2025\/03\/VillaSABI_carte_secteurs-scaled.jpg\"><img loading=\"lazy\" decoding=\"async\" width=\"1024\" height=\"724\" src=\"https:\/\/villasabi.fr\/wp-content\/uploads\/2025\/03\/VillaSABI_carte_secteurs-1024x724.jpg\" alt=\"\" class=\"wp-image-318\" srcset=\"https:\/\/villasabi.fr\/wp-content\/uploads\/2025\/03\/VillaSABI_carte_secteurs-1024x724.jpg 1024w, https:\/\/villasabi.fr\/wp-content\/uploads\/2025\/03\/VillaSABI_carte_secteurs-300x212.jpg 300w, https:\/\/villasabi.fr\/wp-content\/uploads\/2025\/03\/VillaSABI_carte_secteurs-768x543.jpg 768w, https:\/\/villasabi.fr\/wp-content\/uploads\/2025\/03\/VillaSABI_carte_secteurs-1536x1086.jpg 1536w, https:\/\/villasabi.fr\/wp-content\/uploads\/2025\/03\/VillaSABI_carte_secteurs-2048x1448.jpg 2048w\" sizes=\"auto, (max-width: 767px) 89vw, (max-width: 1000px) 54vw, (max-width: 1071px) 543px, 580px\" \/><\/a><\/figure>\n\n\n\n<p><\/p>\n\n\n\n<figure class=\"wp-block-image size-large is-resized\"><a href=\"https:\/\/villasabi.fr\/?page_id=269\"><img loading=\"lazy\" decoding=\"async\" width=\"1024\" height=\"535\" src=\"https:\/\/villasabi.fr\/wp-content\/uploads\/2025\/03\/contactez-moi-1024x535.png\" alt=\"formulaire de contact\" class=\"wp-image-182\" style=\"width:223px;height:auto\" srcset=\"https:\/\/villasabi.fr\/wp-content\/uploads\/2025\/03\/contactez-moi-1024x535.png 1024w, https:\/\/villasabi.fr\/wp-content\/uploads\/2025\/03\/contactez-moi-300x157.png 300w, https:\/\/villasabi.fr\/wp-content\/uploads\/2025\/03\/contactez-moi-768x401.png 768w, https:\/\/villasabi.fr\/wp-content\/uploads\/2025\/03\/contactez-moi.png 1200w\" sizes=\"auto, (max-width: 767px) 89vw, (max-width: 1000px) 54vw, (max-width: 1071px) 543px, 580px\" \/><\/a><\/figure>\n\n\n\n<p class=\"has-x-large-font-size\"><\/p>\n\n\n\n<p class=\"has-small-font-size\"><em>[EN]<\/em> *************************************************************************************************<\/p>\n\n\n\n<p><\/p>\n\n\n\n<p class=\"has-medium-font-size\"><em>Areas :<\/em><\/p>\n\n\n\n<p class=\"has-small-font-size\"><em><strong>Villa SABI<\/strong> is located in the Finist\u00e8re department (France) and operate in the following sectors :<\/em><\/p>\n\n\n\n<p class=\"has-small-font-size\"><em>Crozon Peninsula \/ part of Bay of Douarnenez \/ part of harbour of Brest city \/ part of Monts d&rsquo;Arr\u00e9e<\/em>.<\/p>\n","protected":false},"excerpt":{"rendered":"<p>Villa SABI est situ\u00e9e dans le d\u00e9partement du Finist\u00e8re et intervient sur les secteurs suivants : [EN] ************************************************************************************************* Areas : Villa SABI is located in the Finist\u00e8re department (France) and operate in the following sectors : Crozon Peninsula \/ part of Bay of Douarnenez \/ part of harbour of Brest city \/ part of Monts &hellip; <\/p>\n<p class=\"link-more\"><a href=\"https:\/\/villasabi.fr\/?page_id=2\" class=\"more-link\">Continuer la lecture<span class=\"screen-reader-text\"> de &laquo;&nbsp;Secteurs&nbsp;&raquo;<\/span><\/a><\/p>\n","protected":false},"author":1,"featured_media":477,"parent":0,"menu_order":0,"comment_status":"closed","ping_status":"open","template":"","meta":{"footnotes":""},"class_list":["post-2","page","type-page","status-publish","has-post-thumbnail","hentry"],"_links":{"self":[{"href":"https:\/\/villasabi.fr\/index.php?rest_route=\/wp\/v2\/pages\/2","targetHints":{"allow":["GET"]}}],"collection":[{"href":"https:\/\/villasabi.fr\/index.php?rest_route=\/wp\/v2\/pages"}],"about":[{"href":"https:\/\/villasabi.fr\/index.php?rest_route=\/wp\/v2\/types\/page"}],"author":[{"embeddable":true,"href":"https:\/\/villasabi.fr\/index.php?rest_route=\/wp\/v2\/users\/1"}],"replies":[{"embeddable":true,"href":"https:\/\/villasabi.fr\/index.php?rest_route=%2Fwp%2Fv2%2Fcomments&post=2"}],"version-history":[{"count":27,"href":"https:\/\/villasabi.fr\/index.php?rest_route=\/wp\/v2\/pages\/2\/revisions"}],"predecessor-version":[{"id":544,"href":"https:\/\/villasabi.fr\/index.php?rest_route=\/wp\/v2\/pages\/2\/revisions\/544"}],"wp:featuredmedia":[{"embeddable":true,"href":"https:\/\/villasabi.fr\/index.php?rest_route=\/wp\/v2\/media\/477"}],"wp:attachment":[{"href":"https:\/\/villasabi.fr\/index.php?rest_route=%2Fwp%2Fv2%2Fmedia&parent=2"}],"curies":[{"name":"wp","href":"https:\/\/api.w.org\/{rel}","templated":true}]}}