{"id":233,"date":"2025-03-22T12:22:51","date_gmt":"2025-03-22T11:22:51","guid":{"rendered":"https:\/\/villasabi.fr\/?page_id=233"},"modified":"2025-03-31T12:35:10","modified_gmt":"2025-03-31T10:35:10","slug":"propriete-intellectuelle","status":"publish","type":"page","link":"https:\/\/villasabi.fr\/?page_id=233","title":{"rendered":"Propri\u00e9t\u00e9 intellectuelle"},"content":{"rendered":"\n<p>\u00c0 moins qu\u2019une mention contraire ne soit indiqu\u00e9e, tous les noms, d\u00e9nominations sociales, logos, marques, visuels, photos et\/ou produits, ainsi que les articles et photographies, sont reproduits et prot\u00e9g\u00e9s par des droits d\u2019auteur.ice, ainsi que par d\u2019autres droits de propri\u00e9t\u00e9 intellectuelle ou industrielle.<\/p>\n\n\n\n<p>Ces \u00e9l\u00e9ments ne peuvent en aucun cas \u00eatre utilis\u00e9s, copi\u00e9s, modifi\u00e9s, reproduits ou diffus\u00e9s, sous quelque forme et pour quelque raison que ce soit, sans l\u2019accord pr\u00e9alable \u00e9crit de <strong>Villa SABI<\/strong>.<\/p>\n\n\n\n<p>Toute utilisation frauduleuse de tout contenu pr\u00e9sent sur le site Internet de <strong>Villa SABI<\/strong> est formellement interdite.<\/p>\n\n\n\n<p><strong>Villa SABI<\/strong>, via son site <strong><a href=\"https:\/\/leschaleureux.fr\/\">https:\/\/villasabi.fr\/<\/a><\/strong>, se r\u00e9serve le droit d\u2019exercer pleinement ses droits de propri\u00e9t\u00e9 intellectuelle et d\u2019engager des poursuites, y compris p\u00e9nales, si n\u00e9cessaire.<\/p>\n","protected":false},"excerpt":{"rendered":"<p>\u00c0 moins qu\u2019une mention contraire ne soit indiqu\u00e9e, tous les noms, d\u00e9nominations sociales, logos, marques, visuels, photos et\/ou produits, ainsi que les articles et photographies, sont reproduits et prot\u00e9g\u00e9s par des droits d\u2019auteur.ice, ainsi que par d\u2019autres droits de propri\u00e9t\u00e9 intellectuelle ou industrielle. Ces \u00e9l\u00e9ments ne peuvent en aucun cas \u00eatre utilis\u00e9s, copi\u00e9s, modifi\u00e9s, reproduits &hellip; <\/p>\n<p class=\"link-more\"><a href=\"https:\/\/villasabi.fr\/?page_id=233\" class=\"more-link\">Continuer la lecture<span class=\"screen-reader-text\"> de &laquo;&nbsp;Propri\u00e9t\u00e9 intellectuelle&nbsp;&raquo;<\/span><\/a><\/p>\n","protected":false},"author":1,"featured_media":0,"parent":0,"menu_order":0,"comment_status":"closed","ping_status":"closed","template":"","meta":{"footnotes":""},"class_list":["post-233","page","type-page","status-publish","hentry"],"_links":{"self":[{"href":"https:\/\/villasabi.fr\/index.php?rest_route=\/wp\/v2\/pages\/233","targetHints":{"allow":["GET"]}}],"collection":[{"href":"https:\/\/villasabi.fr\/index.php?rest_route=\/wp\/v2\/pages"}],"about":[{"href":"https:\/\/villasabi.fr\/index.php?rest_route=\/wp\/v2\/types\/page"}],"author":[{"embeddable":true,"href":"https:\/\/villasabi.fr\/index.php?rest_route=\/wp\/v2\/users\/1"}],"replies":[{"embeddable":true,"href":"https:\/\/villasabi.fr\/index.php?rest_route=%2Fwp%2Fv2%2Fcomments&post=233"}],"version-history":[{"count":4,"href":"https:\/\/villasabi.fr\/index.php?rest_route=\/wp\/v2\/pages\/233\/revisions"}],"predecessor-version":[{"id":351,"href":"https:\/\/villasabi.fr\/index.php?rest_route=\/wp\/v2\/pages\/233\/revisions\/351"}],"wp:attachment":[{"href":"https:\/\/villasabi.fr\/index.php?rest_route=%2Fwp%2Fv2%2Fmedia&parent=233"}],"curies":[{"name":"wp","href":"https:\/\/api.w.org\/{rel}","templated":true}]}}