{"id":8,"date":"2025-03-06T17:37:39","date_gmt":"2025-03-06T16:37:39","guid":{"rendered":"http:\/\/villasabi.fr\/?page_id=8"},"modified":"2025-07-01T18:17:19","modified_gmt":"2025-07-01T16:17:19","slug":"accueil","status":"publish","type":"page","link":"https:\/\/villasabi.fr\/","title":{"rendered":"Bienvenue"},"content":{"rendered":"\n<p class=\"has-luminous-vivid-amber-color has-text-color has-link-color has-medium-font-size wp-elements-9f73ed1851eb5fac6db9325d803b5055\"><strong>Villa SABI &#8211; Gardiennage et Intendance<\/strong><\/p>\n\n\n\n<p><strong>prend en charge votre r\u00e9sidence durant vos absences.<\/strong><\/p>\n\n\n\n<p><strong>Savoir-faire de qualit\u00e9, exigence et r\u00e9activit\u00e9 sont \u00e0 votre service pour que vous puissiez vivre en toute s\u00e9r\u00e9nit\u00e9<\/strong> <strong>et ainsi vous simplifier la vie.<\/strong><\/p>\n\n\n\n<p><strong>Nos offres modulables s&rsquo;ajustent au plus pr\u00e8s de vos besoins car votre bien est unique.<\/strong><\/p>\n\n\n\n<p class=\"has-luminous-vivid-amber-color has-text-color has-link-color has-medium-font-size wp-elements-b497f7a7186a7719fab2d08ab0ac398d\"><strong>CONFIANCE, SECURITE et DISCRETION sont les valeurs que Villa SABI s&rsquo;engage \u00e0 mettre \u00e0 votre disposition.<\/strong><\/p>\n\n\n\n<p class=\"has-x-large-font-size\"><\/p>\n\n\n\n<p class=\"has-small-font-size\"><em>[EN]<\/em> *************************************************************************************************<\/p>\n\n\n\n<p><\/p>\n\n\n\n<p class=\"has-medium-font-size\"><em>Welcome<\/em><\/p>\n\n\n\n<p class=\"has-luminous-vivid-amber-color has-text-color has-link-color has-small-font-size wp-elements-e759c5024ef96952a573c0e9ac5e3a01\"><em><strong>Villa SABI &#8211; Caretaking and housekeeping <\/strong><\/em><\/p>\n\n\n\n<p class=\"has-small-font-size\"><em>takes care of your home while you are away. Expertise, high standards and reactivity are at your service, so that you can live with complete peace of mind and simplify your life.<\/em><\/p>\n\n\n\n<p class=\"has-small-font-size\"><em>Our flexible services are tailored to your needs, because your home is unique.<\/em><\/p>\n\n\n\n<p class=\"has-luminous-vivid-amber-color has-text-color has-link-color has-small-font-size wp-elements-95c92862462af6f46a4002a0cfa54599\"><em>TRUST, SECURITY and DISCRETION are the values that <strong>Villa SABI<\/strong> is committed to.<\/em><\/p>\n\n\n\n<p><\/p>\n","protected":false},"excerpt":{"rendered":"<p>Villa SABI &#8211; Gardiennage et Intendance prend en charge votre r\u00e9sidence durant vos absences. Savoir-faire de qualit\u00e9, exigence et r\u00e9activit\u00e9 sont \u00e0 votre service pour que vous puissiez vivre en toute s\u00e9r\u00e9nit\u00e9 et ainsi vous simplifier la vie. Nos offres modulables s&rsquo;ajustent au plus pr\u00e8s de vos besoins car votre bien est unique. CONFIANCE, SECURITE &hellip; <\/p>\n<p class=\"link-more\"><a href=\"https:\/\/villasabi.fr\/\" class=\"more-link\">Continuer la lecture<span class=\"screen-reader-text\"> de &laquo;&nbsp;Bienvenue&nbsp;&raquo;<\/span><\/a><\/p>\n","protected":false},"author":1,"featured_media":0,"parent":0,"menu_order":0,"comment_status":"closed","ping_status":"closed","template":"","meta":{"footnotes":""},"class_list":["post-8","page","type-page","status-publish","hentry"],"_links":{"self":[{"href":"https:\/\/villasabi.fr\/index.php?rest_route=\/wp\/v2\/pages\/8","targetHints":{"allow":["GET"]}}],"collection":[{"href":"https:\/\/villasabi.fr\/index.php?rest_route=\/wp\/v2\/pages"}],"about":[{"href":"https:\/\/villasabi.fr\/index.php?rest_route=\/wp\/v2\/types\/page"}],"author":[{"embeddable":true,"href":"https:\/\/villasabi.fr\/index.php?rest_route=\/wp\/v2\/users\/1"}],"replies":[{"embeddable":true,"href":"https:\/\/villasabi.fr\/index.php?rest_route=%2Fwp%2Fv2%2Fcomments&post=8"}],"version-history":[{"count":36,"href":"https:\/\/villasabi.fr\/index.php?rest_route=\/wp\/v2\/pages\/8\/revisions"}],"predecessor-version":[{"id":533,"href":"https:\/\/villasabi.fr\/index.php?rest_route=\/wp\/v2\/pages\/8\/revisions\/533"}],"wp:attachment":[{"href":"https:\/\/villasabi.fr\/index.php?rest_route=%2Fwp%2Fv2%2Fmedia&parent=8"}],"curies":[{"name":"wp","href":"https:\/\/api.w.org\/{rel}","templated":true}]}}